{"id":785,"date":"2023-06-30T11:37:30","date_gmt":"2023-06-30T09:37:30","guid":{"rendered":"https:\/\/sommet-sante-sexuelle.fr\/2023\/produit\/prevenir-les-ist-prevention-combinee-prep-tasp-tpe\/"},"modified":"2023-08-12T12:50:26","modified_gmt":"2023-08-12T10:50:26","slug":"prevenir-les-ist-prevention-combinee-prep-tasp-tpe","status":"publish","type":"product","link":"https:\/\/sommet-sante-sexuelle.fr\/2023\/produit\/prevenir-les-ist-prevention-combinee-prep-tasp-tpe\/","title":{"rendered":"Pr\u00e9venir les IST : pr\u00e9vention combin\u00e9e, PrEP, TasP, TPE\u2026"},"content":{"rendered":"<p>Le Dr Silv\u00e8re BIAVAT, Praticien Hospitalier au CeGIDD du Centre Hospitalier M\u00e9tropole Savoie \u00e0 Chamb\u00e9ry, Membre du COREVIH Arc Alpin (Is\u00e8re \u2013 Savoie \u2013 Haute Savoie) et Pr\u00e9sident de l&rsquo;Association R\u00e9gionale Multidisciplinaire de Sant\u00e9 Sexuelle de l&rsquo;Arc Alpin (ARMSS), abordera les diff\u00e9rents outils de pr\u00e9vention des IST, notamment la pr\u00e9vention combin\u00e9e, la PrEP, TasP et TPE.<\/p>\n<p>Cette intervention mettra en lumi\u00e8re l&rsquo;importance de la pr\u00e9vention et de la sensibilisation \u00e0 la sant\u00e9 sexuelle, ainsi que les avanc\u00e9es scientifiques r\u00e9centes en mati\u00e8re de pr\u00e9vention des IST.<\/p>\n<p>Les participants pourront en apprendre davantage sur les pratiques de pr\u00e9vention efficaces et les diff\u00e9rents moyens \u00e0 leur disposition pour se prot\u00e9ger des IST.<\/p>\n<p>Cette intervention s&rsquo;adresse aux professionnels de sant\u00e9 qui souhaitent mieux comprendre les enjeux de la pr\u00e9vention des IST et des maladies sexuellement transmissibles.<\/p>\n","protected":false},"excerpt":{"rendered":"<p>Le Dr Silv\u00e8re BIAVAT, Praticien Hospitalier au CeGIDD du Centre Hospitalier M\u00e9tropole Savoie \u00e0 Chamb\u00e9ry, Membre du COREVIH Arc Alpin (Is\u00e8re \u2013 Savoie \u2013 Haute Savoie) et Pr\u00e9sident de l&rsquo;Association R\u00e9gionale Multidisciplinaire de Sant\u00e9 Sexuelle de l&rsquo;Arc Alpin (ARMSS), abordera les diff\u00e9rents outils de pr\u00e9vention des IST, notamment la pr\u00e9vention combin\u00e9e, la PrEP, TasP et &hellip; <\/p>\n","protected":false},"featured_media":568,"comment_status":"open","ping_status":"closed","template":"","meta":{"_acf_changed":false,"_uag_custom_page_level_css":""},"product_brand":[],"product_cat":[22],"product_tag":[],"class_list":{"0":"post-785","1":"product","2":"type-product","3":"status-publish","4":"has-post-thumbnail","6":"product_cat-non-classe","8":"first","9":"instock","10":"virtual","11":"sold-individually","12":"purchasable","13":"product-type-webinar"},"acf":[],"uagb_featured_image_src":{"full":["https:\/\/sommet-sante-sexuelle.fr\/2023\/wp-content\/uploads\/sites\/3\/15.jpg",1080,1080,false],"thumbnail":["https:\/\/sommet-sante-sexuelle.fr\/2023\/wp-content\/uploads\/sites\/3\/15-150x150.jpg",150,150,true],"medium":["https:\/\/sommet-sante-sexuelle.fr\/2023\/wp-content\/uploads\/sites\/3\/15.jpg",300,300,false],"medium_large":["https:\/\/sommet-sante-sexuelle.fr\/2023\/wp-content\/uploads\/sites\/3\/15.jpg",640,640,false],"large":["https:\/\/sommet-sante-sexuelle.fr\/2023\/wp-content\/uploads\/sites\/3\/15.jpg",640,640,false],"post-slider-thumb-size":["https:\/\/sommet-sante-sexuelle.fr\/2023\/wp-content\/uploads\/sites\/3\/15.jpg",190,190,false],"1536x1536":["https:\/\/sommet-sante-sexuelle.fr\/2023\/wp-content\/uploads\/sites\/3\/15.jpg",1080,1080,false],"2048x2048":["https:\/\/sommet-sante-sexuelle.fr\/2023\/wp-content\/uploads\/sites\/3\/15.jpg",1080,1080,false],"the-conference-banner-slider":["https:\/\/sommet-sante-sexuelle.fr\/2023\/wp-content\/uploads\/sites\/3\/15.jpg",1008,1008,false],"the-conference-featured-page":["https:\/\/sommet-sante-sexuelle.fr\/2023\/wp-content\/uploads\/sites\/3\/15.jpg",470,470,false],"the-conference-icon-text-image":["https:\/\/sommet-sante-sexuelle.fr\/2023\/wp-content\/uploads\/sites\/3\/15.jpg",550,550,false],"the-conference-speaker":["https:\/\/sommet-sante-sexuelle.fr\/2023\/wp-content\/uploads\/sites\/3\/15.jpg",384,384,false],"the-conference-blog":["https:\/\/sommet-sante-sexuelle.fr\/2023\/wp-content\/uploads\/sites\/3\/15.jpg",519,519,false],"the-conference-blog-fullwidth":["https:\/\/sommet-sante-sexuelle.fr\/2023\/wp-content\/uploads\/sites\/3\/15.jpg",519,519,false],"the-conference-related":["https:\/\/sommet-sante-sexuelle.fr\/2023\/wp-content\/uploads\/sites\/3\/15.jpg",83,83,false],"the-conference-schema":["https:\/\/sommet-sante-sexuelle.fr\/2023\/wp-content\/uploads\/sites\/3\/15.jpg",60,60,false],"mailpoet_newsletter_max":["https:\/\/sommet-sante-sexuelle.fr\/2023\/wp-content\/uploads\/sites\/3\/15.jpg",1080,1080,false],"woocommerce_thumbnail":["https:\/\/sommet-sante-sexuelle.fr\/2023\/wp-content\/uploads\/sites\/3\/15.jpg",300,300,false],"woocommerce_single":["https:\/\/sommet-sante-sexuelle.fr\/2023\/wp-content\/uploads\/sites\/3\/15.jpg",600,600,false],"woocommerce_gallery_thumbnail":["https:\/\/sommet-sante-sexuelle.fr\/2023\/wp-content\/uploads\/sites\/3\/15.jpg",100,100,false]},"uagb_author_info":{"display_name":"Arnaud ZELER","author_link":"https:\/\/sommet-sante-sexuelle.fr\/2023\/author\/"},"uagb_comment_info":0,"uagb_excerpt":"Le Dr Silv\u00e8re BIAVAT, Praticien Hospitalier au CeGIDD du Centre Hospitalier M\u00e9tropole Savoie \u00e0 Chamb\u00e9ry, Membre du COREVIH Arc Alpin (Is\u00e8re \u2013 Savoie \u2013 Haute Savoie) et Pr\u00e9sident de l&rsquo;Association R\u00e9gionale Multidisciplinaire de Sant\u00e9 Sexuelle de l&rsquo;Arc Alpin (ARMSS), abordera les diff\u00e9rents outils de pr\u00e9vention des IST, notamment la pr\u00e9vention combin\u00e9e, la PrEP, TasP et\u2026","_links":{"self":[{"href":"https:\/\/sommet-sante-sexuelle.fr\/2023\/wp-json\/wp\/v2\/product\/785","targetHints":{"allow":["GET"]}}],"collection":[{"href":"https:\/\/sommet-sante-sexuelle.fr\/2023\/wp-json\/wp\/v2\/product"}],"about":[{"href":"https:\/\/sommet-sante-sexuelle.fr\/2023\/wp-json\/wp\/v2\/types\/product"}],"replies":[{"embeddable":true,"href":"https:\/\/sommet-sante-sexuelle.fr\/2023\/wp-json\/wp\/v2\/comments?post=785"}],"wp:featuredmedia":[{"embeddable":true,"href":"https:\/\/sommet-sante-sexuelle.fr\/2023\/wp-json\/wp\/v2\/media\/568"}],"wp:attachment":[{"href":"https:\/\/sommet-sante-sexuelle.fr\/2023\/wp-json\/wp\/v2\/media?parent=785"}],"wp:term":[{"taxonomy":"product_brand","embeddable":true,"href":"https:\/\/sommet-sante-sexuelle.fr\/2023\/wp-json\/wp\/v2\/product_brand?post=785"},{"taxonomy":"product_cat","embeddable":true,"href":"https:\/\/sommet-sante-sexuelle.fr\/2023\/wp-json\/wp\/v2\/product_cat?post=785"},{"taxonomy":"product_tag","embeddable":true,"href":"https:\/\/sommet-sante-sexuelle.fr\/2023\/wp-json\/wp\/v2\/product_tag?post=785"}],"curies":[{"name":"wp","href":"https:\/\/api.w.org\/{rel}","templated":true}]}}