{"id":779,"date":"2023-06-30T11:37:21","date_gmt":"2023-06-30T09:37:21","guid":{"rendered":"https:\/\/sommet-sante-sexuelle.fr\/2023\/produit\/lutilisation-du-sexocorporel-dans-la-consultation-sexologique\/"},"modified":"2023-08-12T12:51:20","modified_gmt":"2023-08-12T10:51:20","slug":"lutilisation-du-sexocorporel-dans-la-consultation-sexologique","status":"publish","type":"product","link":"https:\/\/sommet-sante-sexuelle.fr\/2023\/produit\/lutilisation-du-sexocorporel-dans-la-consultation-sexologique\/","title":{"rendered":"L\u2019utilisation du Sexocorporel dans la consultation sexologique"},"content":{"rendered":"<p>Virginie Gasc est psychologue sexologue et formatrice au sein du Cifres (Centre International de Formation et de Recherche en Sexualit\u00e9).<\/p>\n<p>Elle intervient lors du sommet de la sant\u00e9 sexuelle pour pr\u00e9senter l&rsquo;utilisation du Sexocorporel dans la consultation sexologique.<\/p>\n<p>Cette approche innovante vise \u00e0 aborder la sexualit\u00e9 en prenant en compte le corps et les sensations physiques, et en impliquant le patient dans sa propre prise en charge.<\/p>\n","protected":false},"excerpt":{"rendered":"<p>Virginie Gasc est psychologue sexologue et formatrice au sein du Cifres (Centre International de Formation et de Recherche en Sexualit\u00e9). Elle intervient lors du sommet de la sant\u00e9 sexuelle pour pr\u00e9senter l&rsquo;utilisation du Sexocorporel dans la consultation sexologique. Cette approche innovante vise \u00e0 aborder la sexualit\u00e9 en prenant en compte le corps et les sensations &hellip; <\/p>\n","protected":false},"featured_media":576,"comment_status":"open","ping_status":"closed","template":"","meta":{"_acf_changed":false,"_uag_custom_page_level_css":""},"product_brand":[],"product_cat":[22],"product_tag":[],"class_list":{"0":"post-779","1":"product","2":"type-product","3":"status-publish","4":"has-post-thumbnail","6":"product_cat-non-classe","8":"first","9":"instock","10":"virtual","11":"sold-individually","12":"purchasable","13":"product-type-webinar"},"acf":[],"uagb_featured_image_src":{"full":["https:\/\/sommet-sante-sexuelle.fr\/2023\/wp-content\/uploads\/sites\/3\/23.jpg",1080,1080,false],"thumbnail":["https:\/\/sommet-sante-sexuelle.fr\/2023\/wp-content\/uploads\/sites\/3\/23-150x150.jpg",150,150,true],"medium":["https:\/\/sommet-sante-sexuelle.fr\/2023\/wp-content\/uploads\/sites\/3\/23.jpg",300,300,false],"medium_large":["https:\/\/sommet-sante-sexuelle.fr\/2023\/wp-content\/uploads\/sites\/3\/23.jpg",640,640,false],"large":["https:\/\/sommet-sante-sexuelle.fr\/2023\/wp-content\/uploads\/sites\/3\/23.jpg",640,640,false],"post-slider-thumb-size":["https:\/\/sommet-sante-sexuelle.fr\/2023\/wp-content\/uploads\/sites\/3\/23.jpg",190,190,false],"1536x1536":["https:\/\/sommet-sante-sexuelle.fr\/2023\/wp-content\/uploads\/sites\/3\/23.jpg",1080,1080,false],"2048x2048":["https:\/\/sommet-sante-sexuelle.fr\/2023\/wp-content\/uploads\/sites\/3\/23.jpg",1080,1080,false],"the-conference-banner-slider":["https:\/\/sommet-sante-sexuelle.fr\/2023\/wp-content\/uploads\/sites\/3\/23.jpg",1008,1008,false],"the-conference-featured-page":["https:\/\/sommet-sante-sexuelle.fr\/2023\/wp-content\/uploads\/sites\/3\/23.jpg",470,470,false],"the-conference-icon-text-image":["https:\/\/sommet-sante-sexuelle.fr\/2023\/wp-content\/uploads\/sites\/3\/23.jpg",550,550,false],"the-conference-speaker":["https:\/\/sommet-sante-sexuelle.fr\/2023\/wp-content\/uploads\/sites\/3\/23.jpg",384,384,false],"the-conference-blog":["https:\/\/sommet-sante-sexuelle.fr\/2023\/wp-content\/uploads\/sites\/3\/23.jpg",519,519,false],"the-conference-blog-fullwidth":["https:\/\/sommet-sante-sexuelle.fr\/2023\/wp-content\/uploads\/sites\/3\/23.jpg",519,519,false],"the-conference-related":["https:\/\/sommet-sante-sexuelle.fr\/2023\/wp-content\/uploads\/sites\/3\/23.jpg",83,83,false],"the-conference-schema":["https:\/\/sommet-sante-sexuelle.fr\/2023\/wp-content\/uploads\/sites\/3\/23.jpg",60,60,false],"mailpoet_newsletter_max":["https:\/\/sommet-sante-sexuelle.fr\/2023\/wp-content\/uploads\/sites\/3\/23.jpg",1080,1080,false],"woocommerce_thumbnail":["https:\/\/sommet-sante-sexuelle.fr\/2023\/wp-content\/uploads\/sites\/3\/23.jpg",300,300,false],"woocommerce_single":["https:\/\/sommet-sante-sexuelle.fr\/2023\/wp-content\/uploads\/sites\/3\/23.jpg",600,600,false],"woocommerce_gallery_thumbnail":["https:\/\/sommet-sante-sexuelle.fr\/2023\/wp-content\/uploads\/sites\/3\/23.jpg",100,100,false]},"uagb_author_info":{"display_name":"Arnaud ZELER","author_link":"https:\/\/sommet-sante-sexuelle.fr\/2023\/author\/"},"uagb_comment_info":0,"uagb_excerpt":"Virginie Gasc est psychologue sexologue et formatrice au sein du Cifres (Centre International de Formation et de Recherche en Sexualit\u00e9). Elle intervient lors du sommet de la sant\u00e9 sexuelle pour pr\u00e9senter l&rsquo;utilisation du Sexocorporel dans la consultation sexologique. Cette approche innovante vise \u00e0 aborder la sexualit\u00e9 en prenant en compte le corps et les sensations\u2026","_links":{"self":[{"href":"https:\/\/sommet-sante-sexuelle.fr\/2023\/wp-json\/wp\/v2\/product\/779","targetHints":{"allow":["GET"]}}],"collection":[{"href":"https:\/\/sommet-sante-sexuelle.fr\/2023\/wp-json\/wp\/v2\/product"}],"about":[{"href":"https:\/\/sommet-sante-sexuelle.fr\/2023\/wp-json\/wp\/v2\/types\/product"}],"replies":[{"embeddable":true,"href":"https:\/\/sommet-sante-sexuelle.fr\/2023\/wp-json\/wp\/v2\/comments?post=779"}],"wp:featuredmedia":[{"embeddable":true,"href":"https:\/\/sommet-sante-sexuelle.fr\/2023\/wp-json\/wp\/v2\/media\/576"}],"wp:attachment":[{"href":"https:\/\/sommet-sante-sexuelle.fr\/2023\/wp-json\/wp\/v2\/media?parent=779"}],"wp:term":[{"taxonomy":"product_brand","embeddable":true,"href":"https:\/\/sommet-sante-sexuelle.fr\/2023\/wp-json\/wp\/v2\/product_brand?post=779"},{"taxonomy":"product_cat","embeddable":true,"href":"https:\/\/sommet-sante-sexuelle.fr\/2023\/wp-json\/wp\/v2\/product_cat?post=779"},{"taxonomy":"product_tag","embeddable":true,"href":"https:\/\/sommet-sante-sexuelle.fr\/2023\/wp-json\/wp\/v2\/product_tag?post=779"}],"curies":[{"name":"wp","href":"https:\/\/api.w.org\/{rel}","templated":true}]}}