{"id":771,"date":"2023-06-30T11:36:42","date_gmt":"2023-06-30T09:36:42","guid":{"rendered":"https:\/\/sommet-sante-sexuelle.fr\/2023\/produit\/cancer-de-prostate-quelle-est-la-place-reelle-de-la-sexualite\/"},"modified":"2023-08-12T12:51:07","modified_gmt":"2023-08-12T10:51:07","slug":"cancer-de-prostate-quelle-est-la-place-reelle-de-la-sexualite","status":"publish","type":"product","link":"https:\/\/sommet-sante-sexuelle.fr\/2023\/produit\/cancer-de-prostate-quelle-est-la-place-reelle-de-la-sexualite\/","title":{"rendered":"Cancer de prostate : quelle est la place r\u00e9elle de la sexualit\u00e9 ?"},"content":{"rendered":"<p>Le Dr Pierre Bondil, pr\u00e9sident de l&rsquo;Association Interdisciplinaire post-Universitaire de Sexologie (AIUS) et co-coordinateur du groupe expert Cancer &amp; Sexualit\u00e9 &amp; Fertilit\u00e9 de l&rsquo;Association Francophone des Soins Oncologiques de Support (AFSOS), abordera la question cruciale de la place de la sexualit\u00e9 dans la prise en charge du cancer de la prostate.<\/p>\n<p>Son expertise en sexologie clinique et sa pratique en oncologie de support lui permettront de pr\u00e9senter des recommandations pour une prise en charge globale et adapt\u00e9e \u00e0 chaque patient.<\/p>\n","protected":false},"excerpt":{"rendered":"<p>Le Dr Pierre Bondil, pr\u00e9sident de l&rsquo;Association Interdisciplinaire post-Universitaire de Sexologie (AIUS) et co-coordinateur du groupe expert Cancer &amp; Sexualit\u00e9 &amp; Fertilit\u00e9 de l&rsquo;Association Francophone des Soins Oncologiques de Support (AFSOS), abordera la question cruciale de la place de la sexualit\u00e9 dans la prise en charge du cancer de la prostate. Son expertise en sexologie &hellip; <\/p>\n","protected":false},"featured_media":574,"comment_status":"open","ping_status":"closed","template":"","meta":{"_acf_changed":false,"_uag_custom_page_level_css":""},"product_brand":[],"product_cat":[22],"product_tag":[],"class_list":{"0":"post-771","1":"product","2":"type-product","3":"status-publish","4":"has-post-thumbnail","6":"product_cat-non-classe","8":"first","9":"instock","10":"virtual","11":"sold-individually","12":"purchasable","13":"product-type-webinar"},"acf":[],"uagb_featured_image_src":{"full":["https:\/\/sommet-sante-sexuelle.fr\/2023\/wp-content\/uploads\/sites\/3\/21.jpg",1080,1080,false],"thumbnail":["https:\/\/sommet-sante-sexuelle.fr\/2023\/wp-content\/uploads\/sites\/3\/21-150x150.jpg",150,150,true],"medium":["https:\/\/sommet-sante-sexuelle.fr\/2023\/wp-content\/uploads\/sites\/3\/21.jpg",300,300,false],"medium_large":["https:\/\/sommet-sante-sexuelle.fr\/2023\/wp-content\/uploads\/sites\/3\/21.jpg",640,640,false],"large":["https:\/\/sommet-sante-sexuelle.fr\/2023\/wp-content\/uploads\/sites\/3\/21.jpg",640,640,false],"post-slider-thumb-size":["https:\/\/sommet-sante-sexuelle.fr\/2023\/wp-content\/uploads\/sites\/3\/21.jpg",190,190,false],"1536x1536":["https:\/\/sommet-sante-sexuelle.fr\/2023\/wp-content\/uploads\/sites\/3\/21.jpg",1080,1080,false],"2048x2048":["https:\/\/sommet-sante-sexuelle.fr\/2023\/wp-content\/uploads\/sites\/3\/21.jpg",1080,1080,false],"the-conference-banner-slider":["https:\/\/sommet-sante-sexuelle.fr\/2023\/wp-content\/uploads\/sites\/3\/21.jpg",1008,1008,false],"the-conference-featured-page":["https:\/\/sommet-sante-sexuelle.fr\/2023\/wp-content\/uploads\/sites\/3\/21.jpg",470,470,false],"the-conference-icon-text-image":["https:\/\/sommet-sante-sexuelle.fr\/2023\/wp-content\/uploads\/sites\/3\/21.jpg",550,550,false],"the-conference-speaker":["https:\/\/sommet-sante-sexuelle.fr\/2023\/wp-content\/uploads\/sites\/3\/21.jpg",384,384,false],"the-conference-blog":["https:\/\/sommet-sante-sexuelle.fr\/2023\/wp-content\/uploads\/sites\/3\/21.jpg",519,519,false],"the-conference-blog-fullwidth":["https:\/\/sommet-sante-sexuelle.fr\/2023\/wp-content\/uploads\/sites\/3\/21.jpg",519,519,false],"the-conference-related":["https:\/\/sommet-sante-sexuelle.fr\/2023\/wp-content\/uploads\/sites\/3\/21.jpg",83,83,false],"the-conference-schema":["https:\/\/sommet-sante-sexuelle.fr\/2023\/wp-content\/uploads\/sites\/3\/21.jpg",60,60,false],"mailpoet_newsletter_max":["https:\/\/sommet-sante-sexuelle.fr\/2023\/wp-content\/uploads\/sites\/3\/21.jpg",1080,1080,false],"woocommerce_thumbnail":["https:\/\/sommet-sante-sexuelle.fr\/2023\/wp-content\/uploads\/sites\/3\/21.jpg",300,300,false],"woocommerce_single":["https:\/\/sommet-sante-sexuelle.fr\/2023\/wp-content\/uploads\/sites\/3\/21.jpg",600,600,false],"woocommerce_gallery_thumbnail":["https:\/\/sommet-sante-sexuelle.fr\/2023\/wp-content\/uploads\/sites\/3\/21.jpg",100,100,false]},"uagb_author_info":{"display_name":"Arnaud ZELER","author_link":"https:\/\/sommet-sante-sexuelle.fr\/2023\/author\/"},"uagb_comment_info":0,"uagb_excerpt":"Le Dr Pierre Bondil, pr\u00e9sident de l&rsquo;Association Interdisciplinaire post-Universitaire de Sexologie (AIUS) et co-coordinateur du groupe expert Cancer &amp; Sexualit\u00e9 &amp; Fertilit\u00e9 de l&rsquo;Association Francophone des Soins Oncologiques de Support (AFSOS), abordera la question cruciale de la place de la sexualit\u00e9 dans la prise en charge du cancer de la prostate. Son expertise en sexologie\u2026","_links":{"self":[{"href":"https:\/\/sommet-sante-sexuelle.fr\/2023\/wp-json\/wp\/v2\/product\/771","targetHints":{"allow":["GET"]}}],"collection":[{"href":"https:\/\/sommet-sante-sexuelle.fr\/2023\/wp-json\/wp\/v2\/product"}],"about":[{"href":"https:\/\/sommet-sante-sexuelle.fr\/2023\/wp-json\/wp\/v2\/types\/product"}],"replies":[{"embeddable":true,"href":"https:\/\/sommet-sante-sexuelle.fr\/2023\/wp-json\/wp\/v2\/comments?post=771"}],"wp:featuredmedia":[{"embeddable":true,"href":"https:\/\/sommet-sante-sexuelle.fr\/2023\/wp-json\/wp\/v2\/media\/574"}],"wp:attachment":[{"href":"https:\/\/sommet-sante-sexuelle.fr\/2023\/wp-json\/wp\/v2\/media?parent=771"}],"wp:term":[{"taxonomy":"product_brand","embeddable":true,"href":"https:\/\/sommet-sante-sexuelle.fr\/2023\/wp-json\/wp\/v2\/product_brand?post=771"},{"taxonomy":"product_cat","embeddable":true,"href":"https:\/\/sommet-sante-sexuelle.fr\/2023\/wp-json\/wp\/v2\/product_cat?post=771"},{"taxonomy":"product_tag","embeddable":true,"href":"https:\/\/sommet-sante-sexuelle.fr\/2023\/wp-json\/wp\/v2\/product_tag?post=771"}],"curies":[{"name":"wp","href":"https:\/\/api.w.org\/{rel}","templated":true}]}}