{"id":770,"date":"2023-06-30T11:36:32","date_gmt":"2023-06-30T09:36:32","guid":{"rendered":"https:\/\/sommet-sante-sexuelle.fr\/2023\/produit\/accompagnement-des-transidentites\/"},"modified":"2023-08-12T12:47:06","modified_gmt":"2023-08-12T10:47:06","slug":"accompagnement-des-transidentites","status":"publish","type":"product","link":"https:\/\/sommet-sante-sexuelle.fr\/2023\/produit\/accompagnement-des-transidentites\/","title":{"rendered":"Accompagnement des transidentit\u00e9s"},"content":{"rendered":"<p>Avec une approche bienveillante et respectueuse, Aline Alzetta-Tatone, psychosexologue et th\u00e9rapeute de couple et sp\u00e9cialiste de la communaut\u00e9 trans,\u00a0partagera ses connaissances et son exp\u00e9rience pour aider les professionnels de la sant\u00e9 \u00e0 mieux comprendre les enjeux sp\u00e9cifiques li\u00e9s \u00e0 la prise en charge des personnes transgenre.<\/p>\n<p>Elle mettra en avant les probl\u00e9matiques li\u00e9es \u00e0 la sexualit\u00e9 des personnes transgenre, ainsi que les solutions concr\u00e8tes pour les accompagner dans leur parcours de transition.<\/p>\n<p>Cette intervention sera un temps fort du Sommet de la Sant\u00e9 Sexuelle pour sensibiliser les professionnels de la sant\u00e9 \u00e0 la n\u00e9cessit\u00e9 d&rsquo;un accompagnement respectueux et adapt\u00e9 des personnes trans.<\/p>\n","protected":false},"excerpt":{"rendered":"<p>Avec une approche bienveillante et respectueuse, Aline Alzetta-Tatone, psychosexologue et th\u00e9rapeute de couple et sp\u00e9cialiste de la communaut\u00e9 trans,\u00a0partagera ses connaissances et son exp\u00e9rience pour aider les professionnels de la sant\u00e9 \u00e0 mieux comprendre les enjeux sp\u00e9cifiques li\u00e9s \u00e0 la prise en charge des personnes transgenre. Elle mettra en avant les probl\u00e9matiques li\u00e9es \u00e0 la &hellip; <\/p>\n","protected":false},"featured_media":563,"comment_status":"open","ping_status":"closed","template":"","meta":{"_acf_changed":false,"_uag_custom_page_level_css":""},"product_brand":[],"product_cat":[22],"product_tag":[],"class_list":{"0":"post-770","1":"product","2":"type-product","3":"status-publish","4":"has-post-thumbnail","6":"product_cat-non-classe","8":"first","9":"instock","10":"virtual","11":"sold-individually","12":"purchasable","13":"product-type-webinar"},"acf":[],"uagb_featured_image_src":{"full":["https:\/\/sommet-sante-sexuelle.fr\/2023\/wp-content\/uploads\/sites\/3\/10.jpg",1080,1080,false],"thumbnail":["https:\/\/sommet-sante-sexuelle.fr\/2023\/wp-content\/uploads\/sites\/3\/10-150x150.jpg",150,150,true],"medium":["https:\/\/sommet-sante-sexuelle.fr\/2023\/wp-content\/uploads\/sites\/3\/10.jpg",300,300,false],"medium_large":["https:\/\/sommet-sante-sexuelle.fr\/2023\/wp-content\/uploads\/sites\/3\/10.jpg",640,640,false],"large":["https:\/\/sommet-sante-sexuelle.fr\/2023\/wp-content\/uploads\/sites\/3\/10.jpg",640,640,false],"post-slider-thumb-size":["https:\/\/sommet-sante-sexuelle.fr\/2023\/wp-content\/uploads\/sites\/3\/10.jpg",190,190,false],"1536x1536":["https:\/\/sommet-sante-sexuelle.fr\/2023\/wp-content\/uploads\/sites\/3\/10.jpg",1080,1080,false],"2048x2048":["https:\/\/sommet-sante-sexuelle.fr\/2023\/wp-content\/uploads\/sites\/3\/10.jpg",1080,1080,false],"the-conference-banner-slider":["https:\/\/sommet-sante-sexuelle.fr\/2023\/wp-content\/uploads\/sites\/3\/10.jpg",1008,1008,false],"the-conference-featured-page":["https:\/\/sommet-sante-sexuelle.fr\/2023\/wp-content\/uploads\/sites\/3\/10.jpg",470,470,false],"the-conference-icon-text-image":["https:\/\/sommet-sante-sexuelle.fr\/2023\/wp-content\/uploads\/sites\/3\/10.jpg",550,550,false],"the-conference-speaker":["https:\/\/sommet-sante-sexuelle.fr\/2023\/wp-content\/uploads\/sites\/3\/10.jpg",384,384,false],"the-conference-blog":["https:\/\/sommet-sante-sexuelle.fr\/2023\/wp-content\/uploads\/sites\/3\/10.jpg",519,519,false],"the-conference-blog-fullwidth":["https:\/\/sommet-sante-sexuelle.fr\/2023\/wp-content\/uploads\/sites\/3\/10.jpg",519,519,false],"the-conference-related":["https:\/\/sommet-sante-sexuelle.fr\/2023\/wp-content\/uploads\/sites\/3\/10.jpg",83,83,false],"the-conference-schema":["https:\/\/sommet-sante-sexuelle.fr\/2023\/wp-content\/uploads\/sites\/3\/10.jpg",60,60,false],"mailpoet_newsletter_max":["https:\/\/sommet-sante-sexuelle.fr\/2023\/wp-content\/uploads\/sites\/3\/10.jpg",1080,1080,false],"woocommerce_thumbnail":["https:\/\/sommet-sante-sexuelle.fr\/2023\/wp-content\/uploads\/sites\/3\/10.jpg",300,300,false],"woocommerce_single":["https:\/\/sommet-sante-sexuelle.fr\/2023\/wp-content\/uploads\/sites\/3\/10.jpg",600,600,false],"woocommerce_gallery_thumbnail":["https:\/\/sommet-sante-sexuelle.fr\/2023\/wp-content\/uploads\/sites\/3\/10.jpg",100,100,false]},"uagb_author_info":{"display_name":"Arnaud ZELER","author_link":"https:\/\/sommet-sante-sexuelle.fr\/2023\/author\/"},"uagb_comment_info":0,"uagb_excerpt":"Avec une approche bienveillante et respectueuse, Aline Alzetta-Tatone, psychosexologue et th\u00e9rapeute de couple et sp\u00e9cialiste de la communaut\u00e9 trans,\u00a0partagera ses connaissances et son exp\u00e9rience pour aider les professionnels de la sant\u00e9 \u00e0 mieux comprendre les enjeux sp\u00e9cifiques li\u00e9s \u00e0 la prise en charge des personnes transgenre. Elle mettra en avant les probl\u00e9matiques li\u00e9es \u00e0 la\u2026","_links":{"self":[{"href":"https:\/\/sommet-sante-sexuelle.fr\/2023\/wp-json\/wp\/v2\/product\/770","targetHints":{"allow":["GET"]}}],"collection":[{"href":"https:\/\/sommet-sante-sexuelle.fr\/2023\/wp-json\/wp\/v2\/product"}],"about":[{"href":"https:\/\/sommet-sante-sexuelle.fr\/2023\/wp-json\/wp\/v2\/types\/product"}],"replies":[{"embeddable":true,"href":"https:\/\/sommet-sante-sexuelle.fr\/2023\/wp-json\/wp\/v2\/comments?post=770"}],"wp:featuredmedia":[{"embeddable":true,"href":"https:\/\/sommet-sante-sexuelle.fr\/2023\/wp-json\/wp\/v2\/media\/563"}],"wp:attachment":[{"href":"https:\/\/sommet-sante-sexuelle.fr\/2023\/wp-json\/wp\/v2\/media?parent=770"}],"wp:term":[{"taxonomy":"product_brand","embeddable":true,"href":"https:\/\/sommet-sante-sexuelle.fr\/2023\/wp-json\/wp\/v2\/product_brand?post=770"},{"taxonomy":"product_cat","embeddable":true,"href":"https:\/\/sommet-sante-sexuelle.fr\/2023\/wp-json\/wp\/v2\/product_cat?post=770"},{"taxonomy":"product_tag","embeddable":true,"href":"https:\/\/sommet-sante-sexuelle.fr\/2023\/wp-json\/wp\/v2\/product_tag?post=770"}],"curies":[{"name":"wp","href":"https:\/\/api.w.org\/{rel}","templated":true}]}}