{"id":636,"date":"2023-06-08T18:39:21","date_gmt":"2023-06-08T16:39:21","guid":{"rendered":"https:\/\/sommet-sante-sexuelle.fr\/2023\/?page_id=636"},"modified":"2023-06-26T09:19:55","modified_gmt":"2023-06-26T07:19:55","slug":"fin","status":"publish","type":"page","link":"https:\/\/sommet-sante-sexuelle.fr\/2023\/fin\/","title":{"rendered":"Fin du sommet"},"content":{"rendered":"\n<div class=\"wp-block-columns is-layout-flex wp-container-core-columns-is-layout-9d6595d7 wp-block-columns-is-layout-flex\">\n<div class=\"wp-block-column is-layout-flow wp-block-column-is-layout-flow\"><div class=\"wp-block-image\">\n<figure class=\"aligncenter size-full\"><img loading=\"lazy\" decoding=\"async\" width=\"884\" height=\"253\" src=\"https:\/\/sommet-sante-sexuelle.fr\/2023\/wp-content\/uploads\/sites\/3\/logo-sexoblogue.jpg\" alt=\"\" class=\"wp-image-375\" srcset=\"https:\/\/sommet-sante-sexuelle.fr\/2023\/wp-content\/uploads\/sites\/3\/logo-sexoblogue.jpg 884w, https:\/\/sommet-sante-sexuelle.fr\/2023\/wp-content\/uploads\/sites\/3\/logo-sexoblogue-300x86.jpg 300w, https:\/\/sommet-sante-sexuelle.fr\/2023\/wp-content\/uploads\/sites\/3\/logo-sexoblogue-768x220.jpg 768w\" sizes=\"auto, (max-width: 884px) 100vw, 884px\" \/><\/figure>\n<\/div><\/div>\n\n\n\n<div class=\"wp-block-column is-layout-flow wp-block-column-is-layout-flow\"><div class=\"wp-block-image\">\n<figure class=\"aligncenter size-full is-resized\"><img loading=\"lazy\" decoding=\"async\" src=\"https:\/\/sommet-sante-sexuelle.fr\/2023\/wp-content\/uploads\/sites\/3\/logo-cpts.png\" alt=\"\" class=\"wp-image-423\" width=\"214\" height=\"130\" srcset=\"https:\/\/sommet-sante-sexuelle.fr\/2023\/wp-content\/uploads\/sites\/3\/logo-cpts.png 320w, https:\/\/sommet-sante-sexuelle.fr\/2023\/wp-content\/uploads\/sites\/3\/logo-cpts-300x182.png 300w\" sizes=\"auto, (max-width: 214px) 100vw, 214px\" \/><\/figure>\n<\/div><\/div>\n<\/div>\n\n\n\n<h2 class=\"wp-block-heading\">Le Sommet de la Sant\u00e9 Sexuelle 2023 est termin\u00e9.<\/h2>\n\n\n\n<p>Vous avez \u00e9t\u00e9 plus de 3000 inscrits, merci pour votre participation !<\/p>\n\n\n  \n  \n  <div class=\"\n    mailpoet_form_popup_overlay\n      \"><\/div>\n  <div\n    id=\"mailpoet_form_1\"\n    class=\"\n      mailpoet_form\n      mailpoet_form_html\n      mailpoet_form_position_\n      mailpoet_form_animation_\n    \"\n      >\n\n    <style type=\"text\/css\">\n     #mailpoet_form_1 .mailpoet_form {  }\n#mailpoet_form_1 form { margin-bottom: 0; }\n#mailpoet_form_1 p.mailpoet_form_paragraph { margin-bottom: 10px; }\n#mailpoet_form_1 .mailpoet_column_with_background { padding: 10px; }\n#mailpoet_form_1 .mailpoet_form_column:not(:first-child) { margin-left: 20px; }\n#mailpoet_form_1 .mailpoet_paragraph { line-height: 20px; margin-bottom: 20px; }\n#mailpoet_form_1 .mailpoet_segment_label, #mailpoet_form_1 .mailpoet_text_label, #mailpoet_form_1 .mailpoet_textarea_label, #mailpoet_form_1 .mailpoet_select_label, #mailpoet_form_1 .mailpoet_radio_label, #mailpoet_form_1 .mailpoet_checkbox_label, #mailpoet_form_1 .mailpoet_list_label, #mailpoet_form_1 .mailpoet_date_label { display: block; font-weight: normal; }\n#mailpoet_form_1 .mailpoet_text, #mailpoet_form_1 .mailpoet_textarea, #mailpoet_form_1 .mailpoet_select, #mailpoet_form_1 .mailpoet_date_month, #mailpoet_form_1 .mailpoet_date_day, #mailpoet_form_1 .mailpoet_date_year, #mailpoet_form_1 .mailpoet_date { display: block; }\n#mailpoet_form_1 .mailpoet_text, #mailpoet_form_1 .mailpoet_textarea { width: 200px; }\n#mailpoet_form_1 .mailpoet_checkbox {  }\n#mailpoet_form_1 .mailpoet_submit {  }\n#mailpoet_form_1 .mailpoet_divider {  }\n#mailpoet_form_1 .mailpoet_message {  }\n#mailpoet_form_1 .mailpoet_form_loading { width: 30px; text-align: center; line-height: normal; }\n#mailpoet_form_1 .mailpoet_form_loading > span { width: 5px; height: 5px; background-color: #5b5b5b; }\n#mailpoet_form_1 h2.mailpoet-heading { margin: 0 0 20px 0; }\n#mailpoet_form_1 h1.mailpoet-heading { margin: 0 0 10px; }#mailpoet_form_1{border: 1px solid #000000;border-radius: 2px;text-align: left;}#mailpoet_form_1 form.mailpoet_form {padding: 16px;}#mailpoet_form_1{width: 100%;}#mailpoet_form_1 .mailpoet_message {margin: 0; padding: 0 20px;}\n        #mailpoet_form_1 .mailpoet_validate_success {color: #00d084}\n        #mailpoet_form_1 input.parsley-success {color: #00d084}\n        #mailpoet_form_1 select.parsley-success {color: #00d084}\n        #mailpoet_form_1 textarea.parsley-success {color: #00d084}\n      \n        #mailpoet_form_1 .mailpoet_validate_error {color: #cf2e2e}\n        #mailpoet_form_1 input.parsley-error {color: #cf2e2e}\n        #mailpoet_form_1 select.parsley-error {color: #cf2e2e}\n        #mailpoet_form_1 textarea.textarea.parsley-error {color: #cf2e2e}\n        #mailpoet_form_1 .parsley-errors-list {color: #cf2e2e}\n        #mailpoet_form_1 .parsley-required {color: #cf2e2e}\n        #mailpoet_form_1 .parsley-custom-error-message {color: #cf2e2e}\n      #mailpoet_form_1 .mailpoet_paragraph.last {margin-bottom: 0} @media (max-width: 500px) {#mailpoet_form_1 {background-image: none;}} @media (min-width: 500px) {#mailpoet_form_1 .last .mailpoet_paragraph:last-child {margin-bottom: 0}}  @media (max-width: 500px) {#mailpoet_form_1 .mailpoet_form_column:last-child .mailpoet_paragraph:last-child {margin-bottom: 0}} \n    <\/style>\n\n    <form\n      target=\"_self\"\n      method=\"post\"\n      action=\"https:\/\/sommet-sante-sexuelle.fr\/2023\/wp-admin\/admin-post.php?action=mailpoet_subscription_form\"\n      class=\"mailpoet_form mailpoet_form_form mailpoet_form_html\"\n      novalidate\n      data-delay=\"\"\n      data-exit-intent-enabled=\"\"\n      data-font-family=\"\"\n      data-cookie-expiration-time=\"\"\n    >\n      <input type=\"hidden\" name=\"data[form_id]\" value=\"1\" \/>\n      <input type=\"hidden\" name=\"token\" value=\"35e0cef020\" \/>\n      <input type=\"hidden\" name=\"api_version\" value=\"v1\" \/>\n      <input type=\"hidden\" name=\"endpoint\" value=\"subscribers\" \/>\n      <input type=\"hidden\" name=\"mailpoet_method\" value=\"subscribe\" \/>\n\n      <label class=\"mailpoet_hp_email_label\" style=\"display: none !important;\">Veuillez laisser ce champ vide<input type=\"email\" name=\"data[email]\"\/><\/label><h1 class=\"mailpoet-heading  mailpoet-has-font-size\" style=\"text-align: center; color: #000000; font-size: 40px; line-height: 1.5\"><span style=\"font-family: Montserrat\" data-font=\"Montserrat\" class=\"mailpoet-has-font\"><strong>Sommet de la Sant\u00e9 Sexuelle<\/strong><\/span><\/h1>\n<p class=\"mailpoet_form_paragraph  mailpoet-has-font-size\" style=\"text-align: center; color: #000000; font-size: 20px; line-height: 1.5\"><span style=\"font-family: Montserrat\" data-font=\"Montserrat\" class=\"mailpoet-has-font\">Pour \u00eatre inform\u00e9 des dates du prochain Sommet de la Sant\u00e9 Sexuelle, remplissez le formulaire ci-dessous<\/span><\/p>\n<div class=\"mailpoet_paragraph \"><input type=\"text\" autocomplete=\"given-name\" class=\"mailpoet_text\" id=\"form_first_name_1\" name=\"data[form_field_OTFhNDBlODg5M2RlX2ZpcnN0X25hbWU=]\" title=\"Votre Pr\u00e9nom\" value=\"\" style=\"width:100%;box-sizing:border-box;padding:15px;margin: 0 auto 0 0;font-family:&#039;Montserrat&#039;;font-size:16px;line-height:1.5;height:auto;\" data-automation-id=\"form_first_name\"  placeholder=\"Votre Pr\u00e9nom *\" aria-label=\"Votre Pr\u00e9nom *\" data-parsley-errors-container=\".mailpoet_error_2cp1b\" data-parsley-names='[&quot;Veuillez sp\u00e9cifier un nom valide.&quot;,&quot;Les adresses dans les noms ne sont pas autoris\u00e9es, veuillez ajouter votre nom \u00e0 la place.&quot;]' data-parsley-required=\"true\" required aria-required=\"true\" data-parsley-required-message=\"Ce champ est n\u00e9cessaire.\"\/><span class=\"mailpoet_error_2cp1b\"><\/span><\/div>\n<div class=\"mailpoet_paragraph \"><textarea class=\"mailpoet_textarea\" data-automation-id=\"form_custom_text_area\" rows=\"1\" name=\"data[cf_1]\" placeholder=\"Profession\" aria-label=\"Profession\" data-parsley-errors-container=\".mailpoet_error_rq33e\"style=\"width:100%;box-sizing:border-box;padding:15px;margin: 0 auto 0 0;font-family:&#039;Montserrat&#039;;font-size:16px;line-height:1.5;height:auto;\" ><\/textarea><span class=\"mailpoet_error_rq33e\"><\/span><\/div>\n<div class=\"mailpoet_paragraph \"><input type=\"email\" autocomplete=\"email\" class=\"mailpoet_text\" id=\"form_email_1\" name=\"data[form_field_OTBjNzBmMTU3NWNmX2VtYWls]\" title=\"Votre meilleure adresse e-mail\" value=\"\" style=\"width:100%;box-sizing:border-box;background-color:#ffffff;border-style:solid;border-radius:0px !important;border-width:1px;border-color:#313131;padding:15px;margin: 0 auto 0 0;font-family:&#039;Montserrat&#039;;font-size:16px;line-height:1.5;height:auto;\" data-automation-id=\"form_email\"  placeholder=\"Votre meilleure adresse e-mail *\" aria-label=\"Votre meilleure adresse e-mail *\" data-parsley-errors-container=\".mailpoet_error_1mayr\" data-parsley-required=\"true\" required aria-required=\"true\" data-parsley-minlength=\"6\" data-parsley-maxlength=\"150\" data-parsley-type-message=\"Cette valeur doit \u00eatre un e-mail valide.\" data-parsley-required-message=\"Ce champ est n\u00e9cessaire.\"\/><span class=\"mailpoet_error_1mayr\"><\/span><\/div>\n<div class=\"mailpoet_paragraph \"><input type=\"submit\" class=\"mailpoet_submit\" value=\"Envoyer\" data-automation-id=\"subscribe-submit-button\" data-font-family='Montserrat' style=\"width:100%;box-sizing:border-box;background-color:#000000;border-style:solid;border-radius:2px !important;border-width:1px;border-color:#313131;padding:15px;margin: 0 auto 0 0;font-family:&#039;Montserrat&#039;;font-size:16px;line-height:1.5;height:auto;color:#ffffff;font-weight:bold;\" \/><span class=\"mailpoet_form_loading\"><span class=\"mailpoet_bounce1\"><\/span><span class=\"mailpoet_bounce2\"><\/span><span class=\"mailpoet_bounce3\"><\/span><\/span><\/div>\n<p class=\"mailpoet_form_paragraph  mailpoet-has-font-size\" style=\"text-align: left; font-size: 13px; line-height: 1.5\"><em><em>Jamais nous ne c\u00e9derons ni revendrons vos donn\u00e9es personnelles. En vous inscrivant ici, vous recevrez des articles, vid\u00e9os, offres commerciales, podcasts et autres conseils en rapport avec la sant\u00e9 sexuelle. Vous pourrez vous d\u00e9sabonner \u00e0 tout moment. Lisez les <a rel=\"noreferrer noopener\" href=\"https:\/\/sexoblogue.fr\/about\/politique-confidentialite\" target=\"_blank\">mentions l\u00e9gales<\/a> pour plus d&rsquo;infos.<\/em><\/em><\/p>\n\n      <div class=\"mailpoet_message\">\n        <p class=\"mailpoet_validate_success\"\n                style=\"display:none;\"\n                >Il reste encore une \u00e9tape !\n\n\ud83d\udca1 Pensez \u00e0 v\u00e9rifiez vos spams\n\nAfin de respecter le r\u00e8glement RGPD, nous avons besoin de votre consentement.\n\nVous allez recevoir, dans les 5 minutes qui viennent, un mail intitul\u00e9 \u00ab [Sommet de la Sant\u00e9 Sexuelle] Confirmez votre adresse email sans attendre ! \u00bb \n\nMerci de cliquer sur le bouton \u00ab Confirmer mon abonnement \u00bb contenu dans l\u2019email que vous allez recevoir.\n\nD\u00e8s que vous aurez valid\u00e9 votre adresse email gr\u00e2ce au lien que vous venez de recevoir dans votre bo\u00eete aux lettres, vous recevrez vos liens d&#039;acc\u00e8s au replay du Sommet.\n        <\/p>\n        <p class=\"mailpoet_validate_error\"\n                style=\"display:none;\"\n                >        <\/p>\n      <\/div>\n    <\/form>\n\n      <\/div>\n\n  \n\n\n<h2 class=\"wp-block-heading\" id=\"h-merci-aux-orateurs\">Merci aux orateurs<\/h2>\n\n\n\n<p>Nous remercions \u00e9galement encore une fois tous nos orateurs et nos oratrices pour leurs interventions extr\u00eamement enrichissantes et de tr\u00e8s haute qualit\u00e9.<\/p>\n\n\n<div class=\"wp-block-image\">\n<figure class=\"aligncenter size-full is-resized\"><img loading=\"lazy\" decoding=\"async\" src=\"https:\/\/sommet-sante-sexuelle.fr\/2023\/wp-content\/uploads\/sites\/3\/orateurs.jpg\" alt=\"\" class=\"wp-image-646\" width=\"806\" height=\"570\"\/><\/figure>\n<\/div>","protected":false},"excerpt":{"rendered":"<p>Le Sommet de la Sant\u00e9 Sexuelle 2023 est termin\u00e9.<\/p>\n","protected":false},"author":1,"featured_media":444,"parent":0,"menu_order":0,"comment_status":"closed","ping_status":"closed","template":"","meta":{"_acf_changed":false,"_uag_custom_page_level_css":"","footnotes":""},"class_list":["post-636","page","type-page","status-publish","has-post-thumbnail","hentry"],"featured_image_src":"https:\/\/sommet-sante-sexuelle.fr\/2023\/wp-content\/uploads\/sites\/3\/mont-blanc-1.jpg","acf":[],"uagb_featured_image_src":{"full":["https:\/\/sommet-sante-sexuelle.fr\/2023\/wp-content\/uploads\/sites\/3\/mont-blanc-1.jpg",1920,1008,false],"thumbnail":["https:\/\/sommet-sante-sexuelle.fr\/2023\/wp-content\/uploads\/sites\/3\/mont-blanc-1-150x150.jpg",150,150,true],"medium":["https:\/\/sommet-sante-sexuelle.fr\/2023\/wp-content\/uploads\/sites\/3\/mont-blanc-1-300x158.jpg",300,158,true],"medium_large":["https:\/\/sommet-sante-sexuelle.fr\/2023\/wp-content\/uploads\/sites\/3\/mont-blanc-1-768x403.jpg",640,336,true],"large":["https:\/\/sommet-sante-sexuelle.fr\/2023\/wp-content\/uploads\/sites\/3\/mont-blanc-1-1024x538.jpg",640,336,true],"post-slider-thumb-size":["https:\/\/sommet-sante-sexuelle.fr\/2023\/wp-content\/uploads\/sites\/3\/mont-blanc-1-330x190.jpg",330,190,true],"1536x1536":["https:\/\/sommet-sante-sexuelle.fr\/2023\/wp-content\/uploads\/sites\/3\/mont-blanc-1-1536x806.jpg",1536,806,true],"2048x2048":["https:\/\/sommet-sante-sexuelle.fr\/2023\/wp-content\/uploads\/sites\/3\/mont-blanc-1.jpg",1920,1008,false],"the-conference-banner-slider":["https:\/\/sommet-sante-sexuelle.fr\/2023\/wp-content\/uploads\/sites\/3\/mont-blanc-1.jpg",1920,1008,false],"the-conference-featured-page":["https:\/\/sommet-sante-sexuelle.fr\/2023\/wp-content\/uploads\/sites\/3\/mont-blanc-1-470x470.jpg",470,470,true],"the-conference-icon-text-image":["https:\/\/sommet-sante-sexuelle.fr\/2023\/wp-content\/uploads\/sites\/3\/mont-blanc-1-585x550.jpg",585,550,true],"the-conference-speaker":["https:\/\/sommet-sante-sexuelle.fr\/2023\/wp-content\/uploads\/sites\/3\/mont-blanc-1-384x467.jpg",384,467,true],"the-conference-blog":["https:\/\/sommet-sante-sexuelle.fr\/2023\/wp-content\/uploads\/sites\/3\/mont-blanc-1-768x519.jpg",768,519,true],"the-conference-blog-fullwidth":["https:\/\/sommet-sante-sexuelle.fr\/2023\/wp-content\/uploads\/sites\/3\/mont-blanc-1-1320x519.jpg",1320,519,true],"the-conference-related":["https:\/\/sommet-sante-sexuelle.fr\/2023\/wp-content\/uploads\/sites\/3\/mont-blanc-1-110x83.jpg",110,83,true],"the-conference-schema":["https:\/\/sommet-sante-sexuelle.fr\/2023\/wp-content\/uploads\/sites\/3\/mont-blanc-1-600x60.jpg",600,60,true],"mailpoet_newsletter_max":["https:\/\/sommet-sante-sexuelle.fr\/2023\/wp-content\/uploads\/sites\/3\/mont-blanc-1-1320x693.jpg",1320,693,true],"woocommerce_thumbnail":["https:\/\/sommet-sante-sexuelle.fr\/2023\/wp-content\/uploads\/sites\/3\/mont-blanc-1-300x300.jpg",300,300,true],"woocommerce_single":["https:\/\/sommet-sante-sexuelle.fr\/2023\/wp-content\/uploads\/sites\/3\/mont-blanc-1.jpg",600,315,false],"woocommerce_gallery_thumbnail":["https:\/\/sommet-sante-sexuelle.fr\/2023\/wp-content\/uploads\/sites\/3\/mont-blanc-1-100x100.jpg",100,100,true]},"uagb_author_info":{"display_name":"Arnaud ZELER","author_link":"https:\/\/sommet-sante-sexuelle.fr\/2023\/author\/arnaud-zeler\/"},"uagb_comment_info":0,"uagb_excerpt":"Le Sommet de la Sant\u00e9 Sexuelle 2023 est termin\u00e9.","_links":{"self":[{"href":"https:\/\/sommet-sante-sexuelle.fr\/2023\/wp-json\/wp\/v2\/pages\/636","targetHints":{"allow":["GET"]}}],"collection":[{"href":"https:\/\/sommet-sante-sexuelle.fr\/2023\/wp-json\/wp\/v2\/pages"}],"about":[{"href":"https:\/\/sommet-sante-sexuelle.fr\/2023\/wp-json\/wp\/v2\/types\/page"}],"author":[{"embeddable":true,"href":"https:\/\/sommet-sante-sexuelle.fr\/2023\/wp-json\/wp\/v2\/users\/1"}],"replies":[{"embeddable":true,"href":"https:\/\/sommet-sante-sexuelle.fr\/2023\/wp-json\/wp\/v2\/comments?post=636"}],"version-history":[{"count":9,"href":"https:\/\/sommet-sante-sexuelle.fr\/2023\/wp-json\/wp\/v2\/pages\/636\/revisions"}],"predecessor-version":[{"id":716,"href":"https:\/\/sommet-sante-sexuelle.fr\/2023\/wp-json\/wp\/v2\/pages\/636\/revisions\/716"}],"wp:featuredmedia":[{"embeddable":true,"href":"https:\/\/sommet-sante-sexuelle.fr\/2023\/wp-json\/wp\/v2\/media\/444"}],"wp:attachment":[{"href":"https:\/\/sommet-sante-sexuelle.fr\/2023\/wp-json\/wp\/v2\/media?parent=636"}],"curies":[{"name":"wp","href":"https:\/\/api.w.org\/{rel}","templated":true}]}}