{"id":608,"date":"2023-05-23T18:37:42","date_gmt":"2023-05-23T16:37:42","guid":{"rendered":"https:\/\/sommet-sante-sexuelle.fr\/2023\/?page_id=608"},"modified":"2023-06-20T10:07:49","modified_gmt":"2023-06-20T08:07:49","slug":"intervenants","status":"publish","type":"page","link":"https:\/\/sommet-sante-sexuelle.fr\/2023\/intervenants\/","title":{"rendered":"Liste des intervenants"},"content":{"rendered":"<ul style=\"list-style: none;\"><li><img loading=\"lazy\" decoding=\"async\" width=\"150\" height=\"150\" src=\"https:\/\/sommet-sante-sexuelle.fr\/2023\/wp-content\/uploads\/sites\/3\/celine-tran-150x150.jpg\" class=\"attachment-thumbnail size-thumbnail wp-post-image\" alt=\"\" srcset=\"https:\/\/sommet-sante-sexuelle.fr\/2023\/wp-content\/uploads\/sites\/3\/celine-tran-150x150.jpg 150w, https:\/\/sommet-sante-sexuelle.fr\/2023\/wp-content\/uploads\/sites\/3\/celine-tran.jpg 400w\" sizes=\"auto, (max-width: 150px) 100vw, 150px\" \/><h3><a href=\"https:\/\/sommet-sante-sexuelle.fr\/2023\/intervenant\/celine-tran\/\">C\u00e9line Tran<\/a><\/h3><p>Praticienne en hypnose sp\u00e9cialis\u00e9e en troubles de la sexualit\u00e9<\/p><\/li><li><img loading=\"lazy\" decoding=\"async\" width=\"150\" height=\"150\" src=\"https:\/\/sommet-sante-sexuelle.fr\/2023\/wp-content\/uploads\/sites\/3\/magaly-pirotte-2-150x150.jpeg\" class=\"attachment-thumbnail size-thumbnail wp-post-image\" alt=\"\" srcset=\"https:\/\/sommet-sante-sexuelle.fr\/2023\/wp-content\/uploads\/sites\/3\/magaly-pirotte-2-150x150.jpeg 150w, https:\/\/sommet-sante-sexuelle.fr\/2023\/wp-content\/uploads\/sites\/3\/magaly-pirotte-2.jpeg 400w\" sizes=\"auto, (max-width: 150px) 100vw, 150px\" \/><h3><a href=\"https:\/\/sommet-sante-sexuelle.fr\/2023\/intervenant\/magaly-pirotte\/\">Magaly Pirotte<\/a><\/h3><p>Chercheuse ind\u00e9pendante et fondatrice du projet SEX-ED +<\/p><\/li><li><img loading=\"lazy\" decoding=\"async\" width=\"150\" height=\"150\" src=\"https:\/\/sommet-sante-sexuelle.fr\/2023\/wp-content\/uploads\/sites\/3\/cecile-miele-150x150.jpg\" class=\"attachment-thumbnail size-thumbnail wp-post-image\" alt=\"\" srcset=\"https:\/\/sommet-sante-sexuelle.fr\/2023\/wp-content\/uploads\/sites\/3\/cecile-miele-150x150.jpg 150w, https:\/\/sommet-sante-sexuelle.fr\/2023\/wp-content\/uploads\/sites\/3\/cecile-miele-300x300.jpg 300w, https:\/\/sommet-sante-sexuelle.fr\/2023\/wp-content\/uploads\/sites\/3\/cecile-miele.jpg 400w\" sizes=\"auto, (max-width: 150px) 100vw, 150px\" \/><h3><a href=\"https:\/\/sommet-sante-sexuelle.fr\/2023\/intervenant\/cecile-miele\/\">C\u00e9cile MIELE<\/a><\/h3><p>Psychologue clinicienne, sexologue, doctorante en psychologie<\/p><\/li><li><img loading=\"lazy\" decoding=\"async\" width=\"150\" height=\"150\" src=\"https:\/\/sommet-sante-sexuelle.fr\/2023\/wp-content\/uploads\/sites\/3\/anne-cecile-gutier-150x150.jpg\" class=\"attachment-thumbnail size-thumbnail wp-post-image\" alt=\"\" srcset=\"https:\/\/sommet-sante-sexuelle.fr\/2023\/wp-content\/uploads\/sites\/3\/anne-cecile-gutier-150x150.jpg 150w, https:\/\/sommet-sante-sexuelle.fr\/2023\/wp-content\/uploads\/sites\/3\/anne-cecile-gutier-300x300.jpg 300w, https:\/\/sommet-sante-sexuelle.fr\/2023\/wp-content\/uploads\/sites\/3\/anne-cecile-gutier.jpg 400w\" sizes=\"auto, (max-width: 150px) 100vw, 150px\" \/><h3><a href=\"https:\/\/sommet-sante-sexuelle.fr\/2023\/intervenant\/anne-cecile-gutier\/\">Anne-C\u00e9cile Gutier<\/a><\/h3><p>Sage-femme sexologue<\/p><\/li><li><img loading=\"lazy\" decoding=\"async\" width=\"150\" height=\"150\" src=\"https:\/\/sommet-sante-sexuelle.fr\/2023\/wp-content\/uploads\/sites\/3\/benedicte-sempe-nemoz-150x150.jpg\" class=\"attachment-thumbnail size-thumbnail wp-post-image\" alt=\"\" srcset=\"https:\/\/sommet-sante-sexuelle.fr\/2023\/wp-content\/uploads\/sites\/3\/benedicte-sempe-nemoz-150x150.jpg 150w, https:\/\/sommet-sante-sexuelle.fr\/2023\/wp-content\/uploads\/sites\/3\/benedicte-sempe-nemoz-300x300.jpg 300w, https:\/\/sommet-sante-sexuelle.fr\/2023\/wp-content\/uploads\/sites\/3\/benedicte-sempe-nemoz.jpg 400w\" sizes=\"auto, (max-width: 150px) 100vw, 150px\" \/><h3><a href=\"https:\/\/sommet-sante-sexuelle.fr\/2023\/intervenant\/benedicte-sempe\/\">B\u00e9n\u00e9dicte SEMP\u00c9<\/a><\/h3><p>Conseill\u00e8re Conjugale et Familiale, Th\u00e9rapeute de couple et de famille, Sexologue<\/p><\/li><li><img loading=\"lazy\" decoding=\"async\" width=\"150\" height=\"150\" src=\"https:\/\/sommet-sante-sexuelle.fr\/2023\/wp-content\/uploads\/sites\/3\/aline-alzetta-tatone-1-150x150.jpg\" class=\"attachment-thumbnail size-thumbnail wp-post-image\" alt=\"\" srcset=\"https:\/\/sommet-sante-sexuelle.fr\/2023\/wp-content\/uploads\/sites\/3\/aline-alzetta-tatone-1-150x150.jpg 150w, https:\/\/sommet-sante-sexuelle.fr\/2023\/wp-content\/uploads\/sites\/3\/aline-alzetta-tatone-1-300x300.jpg 300w, https:\/\/sommet-sante-sexuelle.fr\/2023\/wp-content\/uploads\/sites\/3\/aline-alzetta-tatone-1.jpg 400w\" sizes=\"auto, (max-width: 150px) 100vw, 150px\" \/><h3><a href=\"https:\/\/sommet-sante-sexuelle.fr\/2023\/intervenant\/aline-alzetta-tatone\/\">Aline Alzetta-Tatone<\/a><\/h3><p>Psychosexologue et th\u00e9rapeute de couple<\/p><\/li><li><img loading=\"lazy\" decoding=\"async\" width=\"150\" height=\"150\" src=\"https:\/\/sommet-sante-sexuelle.fr\/2023\/wp-content\/uploads\/sites\/3\/sandrine-careme-1-150x150.jpeg\" class=\"attachment-thumbnail size-thumbnail wp-post-image\" alt=\"\" srcset=\"https:\/\/sommet-sante-sexuelle.fr\/2023\/wp-content\/uploads\/sites\/3\/sandrine-careme-1-150x150.jpeg 150w, https:\/\/sommet-sante-sexuelle.fr\/2023\/wp-content\/uploads\/sites\/3\/sandrine-careme-1-300x300.jpeg 300w, https:\/\/sommet-sante-sexuelle.fr\/2023\/wp-content\/uploads\/sites\/3\/sandrine-careme-1.jpeg 400w\" sizes=\"auto, (max-width: 150px) 100vw, 150px\" \/><h3><a href=\"https:\/\/sommet-sante-sexuelle.fr\/2023\/intervenant\/sandrine-careme\/\">Sandrine Car\u00eame<\/a><\/h3><p>Formatrice et Consultante en Sant\u00e9 sexuelle<\/p><\/li><li><img loading=\"lazy\" decoding=\"async\" width=\"150\" height=\"150\" src=\"https:\/\/sommet-sante-sexuelle.fr\/2023\/wp-content\/uploads\/sites\/3\/berengere-tonnot-150x150.jpg\" class=\"attachment-thumbnail size-thumbnail wp-post-image\" alt=\"\" srcset=\"https:\/\/sommet-sante-sexuelle.fr\/2023\/wp-content\/uploads\/sites\/3\/berengere-tonnot-150x150.jpg 150w, https:\/\/sommet-sante-sexuelle.fr\/2023\/wp-content\/uploads\/sites\/3\/berengere-tonnot-300x300.jpg 300w, https:\/\/sommet-sante-sexuelle.fr\/2023\/wp-content\/uploads\/sites\/3\/berengere-tonnot.jpg 400w\" sizes=\"auto, (max-width: 150px) 100vw, 150px\" \/><h3><a href=\"https:\/\/sommet-sante-sexuelle.fr\/2023\/intervenant\/berengere-tonnot\/\">B\u00e9reng\u00e8re Tonnot<\/a><\/h3><p>Psychomotricienne sexologue au Centre Hospitalier Alpes-Is\u00e8re<\/p><\/li><li><h3><a href=\"https:\/\/sommet-sante-sexuelle.fr\/2023\/intervenant\/anais-schneider\/\">Ana\u00efs SCHNEIDER<\/a><\/h3><p>Interne en m\u00e9decine (8\u00e8me ann\u00e9e) \u00e0 Paris<\/p><\/li><li><img loading=\"lazy\" decoding=\"async\" width=\"150\" height=\"150\" src=\"https:\/\/sommet-sante-sexuelle.fr\/2023\/wp-content\/uploads\/sites\/3\/dr-pierre-bondil-1-150x150.jpg\" class=\"attachment-thumbnail size-thumbnail wp-post-image\" alt=\"\" srcset=\"https:\/\/sommet-sante-sexuelle.fr\/2023\/wp-content\/uploads\/sites\/3\/dr-pierre-bondil-1-150x150.jpg 150w, https:\/\/sommet-sante-sexuelle.fr\/2023\/wp-content\/uploads\/sites\/3\/dr-pierre-bondil-1-300x300.jpg 300w, https:\/\/sommet-sante-sexuelle.fr\/2023\/wp-content\/uploads\/sites\/3\/dr-pierre-bondil-1.jpg 400w\" sizes=\"auto, (max-width: 150px) 100vw, 150px\" \/><h3><a href=\"https:\/\/sommet-sante-sexuelle.fr\/2023\/intervenant\/pierre-bondil\/\">Pierre BONDIL<\/a><\/h3><p>Chirurgien urologue, andrologue, sexologue<\/p><\/li><li><img loading=\"lazy\" decoding=\"async\" width=\"150\" height=\"150\" src=\"https:\/\/sommet-sante-sexuelle.fr\/2023\/wp-content\/uploads\/sites\/3\/mathieu-lacambre-150x150.jpg\" class=\"attachment-thumbnail size-thumbnail wp-post-image\" alt=\"\" srcset=\"https:\/\/sommet-sante-sexuelle.fr\/2023\/wp-content\/uploads\/sites\/3\/mathieu-lacambre-150x150.jpg 150w, https:\/\/sommet-sante-sexuelle.fr\/2023\/wp-content\/uploads\/sites\/3\/mathieu-lacambre-300x300.jpg 300w, https:\/\/sommet-sante-sexuelle.fr\/2023\/wp-content\/uploads\/sites\/3\/mathieu-lacambre.jpg 400w\" sizes=\"auto, (max-width: 150px) 100vw, 150px\" \/><h3><a href=\"https:\/\/sommet-sante-sexuelle.fr\/2023\/intervenant\/mathieu-lacambre\/\">Mathieu LACAMBRE<\/a><\/h3><p>Psychiatre Hospitalier<\/p><\/li><li><img loading=\"lazy\" decoding=\"async\" width=\"150\" height=\"150\" src=\"https:\/\/sommet-sante-sexuelle.fr\/2023\/wp-content\/uploads\/sites\/3\/dr-biavat-silvere-150x150.jpg\" class=\"attachment-thumbnail size-thumbnail wp-post-image\" alt=\"\" srcset=\"https:\/\/sommet-sante-sexuelle.fr\/2023\/wp-content\/uploads\/sites\/3\/dr-biavat-silvere-150x150.jpg 150w, https:\/\/sommet-sante-sexuelle.fr\/2023\/wp-content\/uploads\/sites\/3\/dr-biavat-silvere-300x300.jpg 300w, https:\/\/sommet-sante-sexuelle.fr\/2023\/wp-content\/uploads\/sites\/3\/dr-biavat-silvere.jpg 400w\" sizes=\"auto, (max-width: 150px) 100vw, 150px\" \/><h3><a href=\"https:\/\/sommet-sante-sexuelle.fr\/2023\/intervenant\/silvere-biavat\/\">Silv\u00e8re BIAVAT<\/a><\/h3><p>M\u00e9decin sexologue, Praticien Hospitalier<\/p><\/li><li><img loading=\"lazy\" decoding=\"async\" width=\"150\" height=\"150\" src=\"https:\/\/sommet-sante-sexuelle.fr\/2023\/wp-content\/uploads\/sites\/3\/virginie-gasc-150x150.jpg\" class=\"attachment-thumbnail size-thumbnail wp-post-image\" alt=\"\" srcset=\"https:\/\/sommet-sante-sexuelle.fr\/2023\/wp-content\/uploads\/sites\/3\/virginie-gasc-150x150.jpg 150w, https:\/\/sommet-sante-sexuelle.fr\/2023\/wp-content\/uploads\/sites\/3\/virginie-gasc-300x300.jpg 300w, https:\/\/sommet-sante-sexuelle.fr\/2023\/wp-content\/uploads\/sites\/3\/virginie-gasc.jpg 400w\" sizes=\"auto, (max-width: 150px) 100vw, 150px\" \/><h3><a href=\"https:\/\/sommet-sante-sexuelle.fr\/2023\/intervenant\/virginie-gasc\/\">Virginie Gasc<\/a><\/h3><p>Psychologue sexologue<\/p><\/li><li><img loading=\"lazy\" decoding=\"async\" width=\"150\" height=\"150\" src=\"https:\/\/sommet-sante-sexuelle.fr\/2023\/wp-content\/uploads\/sites\/3\/carol-burte-bleu-150x150.jpeg\" class=\"attachment-thumbnail size-thumbnail wp-post-image\" alt=\"\" srcset=\"https:\/\/sommet-sante-sexuelle.fr\/2023\/wp-content\/uploads\/sites\/3\/carol-burte-bleu-150x150.jpeg 150w, https:\/\/sommet-sante-sexuelle.fr\/2023\/wp-content\/uploads\/sites\/3\/carol-burte-bleu-300x300.jpeg 300w, https:\/\/sommet-sante-sexuelle.fr\/2023\/wp-content\/uploads\/sites\/3\/carol-burte-bleu.jpeg 400w\" sizes=\"auto, (max-width: 150px) 100vw, 150px\" \/><h3><a href=\"https:\/\/sommet-sante-sexuelle.fr\/2023\/intervenant\/carol-burte\/\">Carol Burt\u00e9<\/a><\/h3><p>M\u00e9decin andrologue, sexologue<\/p><\/li><li><img loading=\"lazy\" decoding=\"async\" width=\"150\" height=\"150\" src=\"https:\/\/sommet-sante-sexuelle.fr\/2023\/wp-content\/uploads\/sites\/3\/2023\/04\/arnaud-150x150.jpg\" class=\"attachment-thumbnail size-thumbnail wp-post-image\" alt=\"\" srcset=\"https:\/\/sommet-sante-sexuelle.fr\/2023\/wp-content\/uploads\/sites\/3\/2023\/04\/arnaud-150x150.jpg 150w, https:\/\/sommet-sante-sexuelle.fr\/2023\/wp-content\/uploads\/sites\/3\/2023\/04\/arnaud-300x300.jpg 300w, https:\/\/sommet-sante-sexuelle.fr\/2023\/wp-content\/uploads\/sites\/3\/2023\/04\/arnaud.jpg 400w\" sizes=\"auto, (max-width: 150px) 100vw, 150px\" \/><h3><a href=\"https:\/\/sommet-sante-sexuelle.fr\/2023\/intervenant\/arnaud-zeler\/\">Arnaud ZELER<\/a><\/h3><p>M\u00e9decin sexologue<\/p><\/li><li><img loading=\"lazy\" decoding=\"async\" width=\"150\" height=\"150\" src=\"https:\/\/sommet-sante-sexuelle.fr\/2023\/wp-content\/uploads\/sites\/3\/2023\/04\/andre-letzel-150x150.jpg\" class=\"attachment-thumbnail size-thumbnail wp-post-image\" alt=\"\" srcset=\"https:\/\/sommet-sante-sexuelle.fr\/2023\/wp-content\/uploads\/sites\/3\/2023\/04\/andre-letzel-150x150.jpg 150w, https:\/\/sommet-sante-sexuelle.fr\/2023\/wp-content\/uploads\/sites\/3\/2023\/04\/andre-letzel-300x300.jpg 300w, https:\/\/sommet-sante-sexuelle.fr\/2023\/wp-content\/uploads\/sites\/3\/2023\/04\/andre-letzel.jpg 400w\" sizes=\"auto, (max-width: 150px) 100vw, 150px\" \/><h3><a href=\"https:\/\/sommet-sante-sexuelle.fr\/2023\/intervenant\/andre-letzel\/\">Andr\u00e9 LETZEL<\/a><\/h3><p>Sexologue, Conseiller conjugal et familial, Psychanalyste<\/p><\/li><li><img loading=\"lazy\" decoding=\"async\" width=\"150\" height=\"150\" src=\"https:\/\/sommet-sante-sexuelle.fr\/2023\/wp-content\/uploads\/sites\/3\/2023\/04\/andre-corman-150x150.jpg\" class=\"attachment-thumbnail size-thumbnail wp-post-image\" alt=\"\" srcset=\"https:\/\/sommet-sante-sexuelle.fr\/2023\/wp-content\/uploads\/sites\/3\/2023\/04\/andre-corman-150x150.jpg 150w, https:\/\/sommet-sante-sexuelle.fr\/2023\/wp-content\/uploads\/sites\/3\/2023\/04\/andre-corman-300x300.jpg 300w, https:\/\/sommet-sante-sexuelle.fr\/2023\/wp-content\/uploads\/sites\/3\/2023\/04\/andre-corman.jpg 400w\" sizes=\"auto, (max-width: 150px) 100vw, 150px\" \/><h3><a href=\"https:\/\/sommet-sante-sexuelle.fr\/2023\/intervenant\/andre-corman\/\">Andr\u00e9 Corman<\/a><\/h3><p>M\u00e9decin sexologue, andrologue, th\u00e9rapeute de couple et philosophe<\/p><\/li><li><img loading=\"lazy\" decoding=\"async\" width=\"150\" height=\"150\" src=\"https:\/\/sommet-sante-sexuelle.fr\/2023\/wp-content\/uploads\/sites\/3\/2023\/04\/sebastien-landry-150x150.jpg\" class=\"attachment-thumbnail size-thumbnail wp-post-image\" alt=\"\" srcset=\"https:\/\/sommet-sante-sexuelle.fr\/2023\/wp-content\/uploads\/sites\/3\/2023\/04\/sebastien-landry-150x150.jpg 150w, https:\/\/sommet-sante-sexuelle.fr\/2023\/wp-content\/uploads\/sites\/3\/2023\/04\/sebastien-landry-300x300.jpg 300w, https:\/\/sommet-sante-sexuelle.fr\/2023\/wp-content\/uploads\/sites\/3\/2023\/04\/sebastien-landry.jpg 400w\" sizes=\"auto, (max-width: 150px) 100vw, 150px\" \/><h3><a href=\"https:\/\/sommet-sante-sexuelle.fr\/2023\/intervenant\/sebastien-landry\/\">S\u00e9bastien Landry<\/a><\/h3><p>Sexologue Clinicien<\/p><\/li><li><img loading=\"lazy\" decoding=\"async\" width=\"150\" height=\"150\" src=\"https:\/\/sommet-sante-sexuelle.fr\/2023\/wp-content\/uploads\/sites\/3\/2023\/04\/veronique-baranska-150x150.jpg\" class=\"attachment-thumbnail size-thumbnail wp-post-image\" alt=\"\" srcset=\"https:\/\/sommet-sante-sexuelle.fr\/2023\/wp-content\/uploads\/sites\/3\/2023\/04\/veronique-baranska-150x150.jpg 150w, https:\/\/sommet-sante-sexuelle.fr\/2023\/wp-content\/uploads\/sites\/3\/2023\/04\/veronique-baranska-300x300.jpg 300w, https:\/\/sommet-sante-sexuelle.fr\/2023\/wp-content\/uploads\/sites\/3\/2023\/04\/veronique-baranska.jpg 400w\" sizes=\"auto, (max-width: 150px) 100vw, 150px\" \/><h3><a href=\"https:\/\/sommet-sante-sexuelle.fr\/2023\/intervenant\/veronique-baranska\/\">V\u00e9ronique BARANSKA<\/a><\/h3><p>Sexologue, Infirmi\u00e8re en Promotion de la Sant\u00e9<\/p><\/li><li><img loading=\"lazy\" decoding=\"async\" width=\"150\" height=\"150\" src=\"https:\/\/sommet-sante-sexuelle.fr\/2023\/wp-content\/uploads\/sites\/3\/2023\/04\/catherine-troadec-150x150.jpg\" class=\"attachment-thumbnail size-thumbnail wp-post-image\" alt=\"\" srcset=\"https:\/\/sommet-sante-sexuelle.fr\/2023\/wp-content\/uploads\/sites\/3\/2023\/04\/catherine-troadec-150x150.jpg 150w, https:\/\/sommet-sante-sexuelle.fr\/2023\/wp-content\/uploads\/sites\/3\/2023\/04\/catherine-troadec-300x300.jpg 300w, https:\/\/sommet-sante-sexuelle.fr\/2023\/wp-content\/uploads\/sites\/3\/2023\/04\/catherine-troadec.jpg 400w\" sizes=\"auto, (max-width: 150px) 100vw, 150px\" \/><h3><a href=\"https:\/\/sommet-sante-sexuelle.fr\/2023\/intervenant\/catherine-troadec\/\">Catherine TROADEC<\/a><\/h3><p>Psychologue clinicienne sexologue<\/p><\/li><\/ul>\n","protected":false},"excerpt":{"rendered":"","protected":false},"author":1,"featured_media":0,"parent":0,"menu_order":0,"comment_status":"closed","ping_status":"closed","template":"","meta":{"_acf_changed":false,"_uag_custom_page_level_css":"","footnotes":""},"class_list":["post-608","page","type-page","status-publish","hentry"],"featured_image_src":null,"acf":[],"uagb_featured_image_src":{"full":false,"thumbnail":false,"medium":false,"medium_large":false,"large":false,"post-slider-thumb-size":false,"1536x1536":false,"2048x2048":false,"the-conference-banner-slider":false,"the-conference-featured-page":false,"the-conference-icon-text-image":false,"the-conference-speaker":false,"the-conference-blog":false,"the-conference-blog-fullwidth":false,"the-conference-related":false,"the-conference-schema":false,"mailpoet_newsletter_max":false,"woocommerce_thumbnail":false,"woocommerce_single":false,"woocommerce_gallery_thumbnail":false},"uagb_author_info":{"display_name":"Arnaud ZELER","author_link":"https:\/\/sommet-sante-sexuelle.fr\/2023\/author\/arnaud-zeler\/"},"uagb_comment_info":0,"uagb_excerpt":null,"_links":{"self":[{"href":"https:\/\/sommet-sante-sexuelle.fr\/2023\/wp-json\/wp\/v2\/pages\/608","targetHints":{"allow":["GET"]}}],"collection":[{"href":"https:\/\/sommet-sante-sexuelle.fr\/2023\/wp-json\/wp\/v2\/pages"}],"about":[{"href":"https:\/\/sommet-sante-sexuelle.fr\/2023\/wp-json\/wp\/v2\/types\/page"}],"author":[{"embeddable":true,"href":"https:\/\/sommet-sante-sexuelle.fr\/2023\/wp-json\/wp\/v2\/users\/1"}],"replies":[{"embeddable":true,"href":"https:\/\/sommet-sante-sexuelle.fr\/2023\/wp-json\/wp\/v2\/comments?post=608"}],"version-history":[{"count":5,"href":"https:\/\/sommet-sante-sexuelle.fr\/2023\/wp-json\/wp\/v2\/pages\/608\/revisions"}],"predecessor-version":[{"id":671,"href":"https:\/\/sommet-sante-sexuelle.fr\/2023\/wp-json\/wp\/v2\/pages\/608\/revisions\/671"}],"wp:attachment":[{"href":"https:\/\/sommet-sante-sexuelle.fr\/2023\/wp-json\/wp\/v2\/media?parent=608"}],"curies":[{"name":"wp","href":"https:\/\/api.w.org\/{rel}","templated":true}]}}